{"id":12,"date":"2022-11-27T21:17:34","date_gmt":"2022-11-28T02:17:34","guid":{"rendered":"https:\/\/solodeportehbec.com\/?page_id=12"},"modified":"2022-11-27T22:00:58","modified_gmt":"2022-11-28T03:00:58","slug":"ultimas-noticias","status":"publish","type":"page","link":"https:\/\/solodeportehbec.com\/?page_id=12","title":{"rendered":"\u00daltimas noticias"},"content":{"rendered":"\t\t<div data-elementor-type=\"wp-page\" data-elementor-id=\"12\" class=\"elementor elementor-12\" data-elementor-settings=\"[]\">\n\t\t\t\t\t\t\t<div class=\"elementor-section-wrap\">\n\t\t\t\t\t\t\t<section class=\"elementor-section elementor-top-section elementor-element elementor-element-f340854 elementor-section-boxed elementor-section-height-default elementor-section-height-default\" data-id=\"f340854\" data-element_type=\"section\">\n\t\t\t\t\t\t<div class=\"elementor-container elementor-column-gap-default\">\n\t\t\t\t\t<div class=\"elementor-column elementor-col-100 elementor-top-column elementor-element elementor-element-8d0a8bb\" data-id=\"8d0a8bb\" data-element_type=\"column\">\n\t\t\t<div class=\"elementor-widget-wrap elementor-element-populated\">\n\t\t\t\t\t\t\t\t<div class=\"elementor-element elementor-element-854019f elementor-grid-3 elementor-grid-tablet-2 elementor-grid-mobile-1 elementor-posts--thumbnail-top elementor-widget elementor-widget-posts\" data-id=\"854019f\" data-element_type=\"widget\" data-settings=\"{&quot;classic_columns&quot;:&quot;3&quot;,&quot;classic_columns_tablet&quot;:&quot;2&quot;,&quot;classic_columns_mobile&quot;:&quot;1&quot;,&quot;classic_row_gap&quot;:{&quot;unit&quot;:&quot;px&quot;,&quot;size&quot;:35,&quot;sizes&quot;:[]}}\" data-widget_type=\"posts.classic\">\n\t\t\t\t<div class=\"elementor-widget-container\">\n\t\t\t\t\t<div class=\"elementor-posts-container elementor-posts elementor-posts--skin-classic elementor-grid\">\n\t\t\t\t<article class=\"elementor-post elementor-grid-item post-182 post type-post status-publish format-standard has-post-thumbnail hentry category-futbol\">\n\t\t\t\t<a class=\"elementor-post__thumbnail__link\" href=\"https:\/\/solodeportehbec.com\/?p=182\" >\n\t\t\t<div class=\"elementor-post__thumbnail\"><img loading=\"lazy\" width=\"300\" height=\"300\" src=\"https:\/\/solodeportehbec.com\/wp-content\/uploads\/2023\/07\/361211143_763244129142699_1358683405592941706_n-300x300.jpg\" class=\"attachment-medium size-medium\" alt=\"\" decoding=\"async\" srcset=\"https:\/\/solodeportehbec.com\/wp-content\/uploads\/2023\/07\/361211143_763244129142699_1358683405592941706_n-300x300.jpg 300w, https:\/\/solodeportehbec.com\/wp-content\/uploads\/2023\/07\/361211143_763244129142699_1358683405592941706_n-150x150.jpg 150w, https:\/\/solodeportehbec.com\/wp-content\/uploads\/2023\/07\/361211143_763244129142699_1358683405592941706_n-768x769.jpg 768w, https:\/\/solodeportehbec.com\/wp-content\/uploads\/2023\/07\/361211143_763244129142699_1358683405592941706_n-122x122.jpg 122w, https:\/\/solodeportehbec.com\/wp-content\/uploads\/2023\/07\/361211143_763244129142699_1358683405592941706_n.jpg 959w\" sizes=\"(max-width: 300px) 100vw, 300px\" \/><\/div>\n\t\t<\/a>\n\t\t\t\t<div class=\"elementor-post__text\">\n\t\t\t\t<h3 class=\"elementor-post__title\">\n\t\t\t<a href=\"https:\/\/solodeportehbec.com\/?p=182\" >\n\t\t\t\tLEONES SIGUE FIRME EN LA PUNTA DEL F\u00daTBOL DE ASCENSO EN IMBABURA\t\t\t<\/a>\n\t\t<\/h3>\n\t\t\t\t<div class=\"elementor-post__meta-data\">\n\t\t\t\t\t<span class=\"elementor-post-date\">\n\t\t\tjulio 24, 2023\t\t<\/span>\n\t\t\t\t<span class=\"elementor-post-avatar\">\n\t\t\tNo hay comentarios\t\t<\/span>\n\t\t\t\t<\/div>\n\t\t\t\t<div class=\"elementor-post__excerpt\">\n\t\t\t<p class=\"text-justify mb-2\" >#LeonesdelNorte sum\u00f3 tres puntos frente al #FCOtavalo al vencer este s\u00e1bado en el estadio de Karabuela-Otavalo &#8211;, con goles de Y\u00e9pez y Andy Garc\u00eda el equipo de Antonio Ante sigue como l\u00edder del torneo de ascenso con 23+20; separados por un punto de su eterno<\/p>\n\t\t<\/div>\n\t\t\t\t\t<a class=\"elementor-post__read-more\" href=\"https:\/\/solodeportehbec.com\/?p=182\" >\n\t\t\t\tRead More \u00bb\t\t\t<\/a>\n\t\t\t\t<\/div>\n\t\t\t\t<\/article>\n\t\t\t\t<article class=\"elementor-post elementor-grid-item post-108 post type-post status-publish format-standard has-post-thumbnail hentry category-basquet category-deporte-imbabureno\">\n\t\t\t\t<a class=\"elementor-post__thumbnail__link\" href=\"https:\/\/solodeportehbec.com\/?p=108\" >\n\t\t\t<div class=\"elementor-post__thumbnail\"><img loading=\"lazy\" width=\"300\" height=\"200\" src=\"https:\/\/solodeportehbec.com\/wp-content\/uploads\/2022\/11\/IMG_0007-300x200.jpg\" class=\"attachment-medium size-medium\" alt=\"\" decoding=\"async\" srcset=\"https:\/\/solodeportehbec.com\/wp-content\/uploads\/2022\/11\/IMG_0007-300x200.jpg 300w, https:\/\/solodeportehbec.com\/wp-content\/uploads\/2022\/11\/IMG_0007-1024x683.jpg 1024w, https:\/\/solodeportehbec.com\/wp-content\/uploads\/2022\/11\/IMG_0007-768x512.jpg 768w, https:\/\/solodeportehbec.com\/wp-content\/uploads\/2022\/11\/IMG_0007-1536x1024.jpg 1536w, https:\/\/solodeportehbec.com\/wp-content\/uploads\/2022\/11\/IMG_0007-2048x1365.jpg 2048w\" sizes=\"(max-width: 300px) 100vw, 300px\" \/><\/div>\n\t\t<\/a>\n\t\t\t\t<div class=\"elementor-post__text\">\n\t\t\t\t<h3 class=\"elementor-post__title\">\n\t\t\t<a href=\"https:\/\/solodeportehbec.com\/?p=108\" >\n\t\t\t\tIBARRA Y OTAVALO SON LOS MEJORES DEL B\u00c1SQUET INTERCANTONAL\t\t\t<\/a>\n\t\t<\/h3>\n\t\t\t\t<div class=\"elementor-post__meta-data\">\n\t\t\t\t\t<span class=\"elementor-post-date\">\n\t\t\tnoviembre 27, 2022\t\t<\/span>\n\t\t\t\t<span class=\"elementor-post-avatar\">\n\t\t\tNo hay comentarios\t\t<\/span>\n\t\t\t\t<\/div>\n\t\t\t\t<div class=\"elementor-post__excerpt\">\n\t\t\t<p class=\"text-justify mb-2\" >En Antonio Ante culminaron los d\u00e9cimos segundos Juegos Deportivos Intercantonales y el baloncesto fue una de las disciplinas que al final dejaron con Campe\u00f3n a Otavalo a nivel femenino, mientras que Ibarra se adjudic\u00f3 el T\u00edtulo en varones.Cabe mencionar que en varones Antonio Ante qued\u00f3<\/p>\n\t\t<\/div>\n\t\t\t\t\t<a class=\"elementor-post__read-more\" href=\"https:\/\/solodeportehbec.com\/?p=108\" >\n\t\t\t\tRead More \u00bb\t\t\t<\/a>\n\t\t\t\t<\/div>\n\t\t\t\t<\/article>\n\t\t\t\t<article class=\"elementor-post elementor-grid-item post-95 post type-post status-publish format-standard has-post-thumbnail hentry category-ciclismo category-deporte-imbabureno\">\n\t\t\t\t<a class=\"elementor-post__thumbnail__link\" href=\"https:\/\/solodeportehbec.com\/?p=95\" >\n\t\t\t<div class=\"elementor-post__thumbnail\"><img loading=\"lazy\" width=\"225\" height=\"300\" src=\"https:\/\/solodeportehbec.com\/wp-content\/uploads\/2022\/11\/975eb10c-df54-4ac5-8805-6e4c5ee42bdf-225x300.jpg\" class=\"attachment-medium size-medium\" alt=\"\" decoding=\"async\" srcset=\"https:\/\/solodeportehbec.com\/wp-content\/uploads\/2022\/11\/975eb10c-df54-4ac5-8805-6e4c5ee42bdf-225x300.jpg 225w, https:\/\/solodeportehbec.com\/wp-content\/uploads\/2022\/11\/975eb10c-df54-4ac5-8805-6e4c5ee42bdf-768x1024.jpg 768w, https:\/\/solodeportehbec.com\/wp-content\/uploads\/2022\/11\/975eb10c-df54-4ac5-8805-6e4c5ee42bdf.jpg 960w\" sizes=\"(max-width: 225px) 100vw, 225px\" \/><\/div>\n\t\t<\/a>\n\t\t\t\t<div class=\"elementor-post__text\">\n\t\t\t\t<h3 class=\"elementor-post__title\">\n\t\t\t<a href=\"https:\/\/solodeportehbec.com\/?p=95\" >\n\t\t\t\tCICLISTA IMBABURE\u00d1A DE ORO PURO EN LA PRIMERA VUELTA CICL\u00cdSTICA FEMENINA AL ECUADOR\t\t\t<\/a>\n\t\t<\/h3>\n\t\t\t\t<div class=\"elementor-post__meta-data\">\n\t\t\t\t\t<span class=\"elementor-post-date\">\n\t\t\tnoviembre 27, 2022\t\t<\/span>\n\t\t\t\t<span class=\"elementor-post-avatar\">\n\t\t\tNo hay comentarios\t\t<\/span>\n\t\t\t\t<\/div>\n\t\t\t\t<div class=\"elementor-post__excerpt\">\n\t\t\t<p class=\"text-justify mb-2\" >Natalie Ver\u00f3nica Revelo Bossano de 16 a\u00f1os se adjudic\u00f3 el triunfo de la Vuelta Cicl\u00edstica a la Rep\u00fablica del Ecuador, de la categor\u00eda prejuvenil, realizada entre el 15 y 18 de noviembre, del presente a\u00f1o. La pedalista hija del hist\u00f3rico Carlos Revelo (Champion), logr\u00f3 cruzar<\/p>\n\t\t<\/div>\n\t\t\t\t\t<a class=\"elementor-post__read-more\" href=\"https:\/\/solodeportehbec.com\/?p=95\" >\n\t\t\t\tRead More \u00bb\t\t\t<\/a>\n\t\t\t\t<\/div>\n\t\t\t\t<\/article>\n\t\t\t\t<article class=\"elementor-post elementor-grid-item post-86 post type-post status-publish format-standard has-post-thumbnail hentry category-deporte-imbabureno category-futbol\">\n\t\t\t\t<a class=\"elementor-post__thumbnail__link\" href=\"https:\/\/solodeportehbec.com\/?p=86\" >\n\t\t\t<div class=\"elementor-post__thumbnail\"><img loading=\"lazy\" width=\"300\" height=\"200\" src=\"https:\/\/solodeportehbec.com\/wp-content\/uploads\/2022\/11\/IMG_0016-300x200.jpg\" class=\"attachment-medium size-medium\" alt=\"\" decoding=\"async\" srcset=\"https:\/\/solodeportehbec.com\/wp-content\/uploads\/2022\/11\/IMG_0016-300x200.jpg 300w, https:\/\/solodeportehbec.com\/wp-content\/uploads\/2022\/11\/IMG_0016-1024x683.jpg 1024w, https:\/\/solodeportehbec.com\/wp-content\/uploads\/2022\/11\/IMG_0016-768x512.jpg 768w, https:\/\/solodeportehbec.com\/wp-content\/uploads\/2022\/11\/IMG_0016-1536x1024.jpg 1536w, https:\/\/solodeportehbec.com\/wp-content\/uploads\/2022\/11\/IMG_0016-2048x1365.jpg 2048w\" sizes=\"(max-width: 300px) 100vw, 300px\" \/><\/div>\n\t\t<\/a>\n\t\t\t\t<div class=\"elementor-post__text\">\n\t\t\t\t<h3 class=\"elementor-post__title\">\n\t\t\t<a href=\"https:\/\/solodeportehbec.com\/?p=86\" >\n\t\t\t\tOTAVALO SE CORON\u00d3 CAMPE\u00d3N DEL F\u00daTBOL DE INTERCANTONALES ANTONIO ANTE 2022\t\t\t<\/a>\n\t\t<\/h3>\n\t\t\t\t<div class=\"elementor-post__meta-data\">\n\t\t\t\t\t<span class=\"elementor-post-date\">\n\t\t\tnoviembre 27, 2022\t\t<\/span>\n\t\t\t\t<span class=\"elementor-post-avatar\">\n\t\t\tNo hay comentarios\t\t<\/span>\n\t\t\t\t<\/div>\n\t\t\t\t<div class=\"elementor-post__excerpt\">\n\t\t\t<p class=\"text-justify mb-2\" >Con una victoria contundente de 4-1 sobre Ibarra, la Selecci\u00f3n de Otavalo se adjudic\u00f3 el T\u00edtulo del f\u00fatbol en los Juegos Intercantonales \u00abAntonio Ante 2022\u00bb, en partido jugado la tarde del s\u00e1bado 26 de noviembre, en el estadio Jaime Ter\u00e1n Jaramillo de Atuntaqui. Entre las<\/p>\n\t\t<\/div>\n\t\t\t\t\t<a class=\"elementor-post__read-more\" href=\"https:\/\/solodeportehbec.com\/?p=86\" >\n\t\t\t\tRead More \u00bb\t\t\t<\/a>\n\t\t\t\t<\/div>\n\t\t\t\t<\/article>\n\t\t\t\t<article class=\"elementor-post elementor-grid-item post-79 post type-post status-publish format-standard has-post-thumbnail hentry category-seleccion-ecuador\">\n\t\t\t\t<a class=\"elementor-post__thumbnail__link\" href=\"https:\/\/solodeportehbec.com\/?p=79\" >\n\t\t\t<div class=\"elementor-post__thumbnail\"><img loading=\"lazy\" width=\"240\" height=\"300\" src=\"https:\/\/solodeportehbec.com\/wp-content\/uploads\/2022\/11\/KEVIN-RODRIGUEZ...-FIFA-240x300.jpg\" class=\"attachment-medium size-medium\" alt=\"\" decoding=\"async\" srcset=\"https:\/\/solodeportehbec.com\/wp-content\/uploads\/2022\/11\/KEVIN-RODRIGUEZ...-FIFA-240x300.jpg 240w, https:\/\/solodeportehbec.com\/wp-content\/uploads\/2022\/11\/KEVIN-RODRIGUEZ...-FIFA-819x1024.jpg 819w, https:\/\/solodeportehbec.com\/wp-content\/uploads\/2022\/11\/KEVIN-RODRIGUEZ...-FIFA-768x960.jpg 768w, https:\/\/solodeportehbec.com\/wp-content\/uploads\/2022\/11\/KEVIN-RODRIGUEZ...-FIFA.jpg 1080w\" sizes=\"(max-width: 240px) 100vw, 240px\" \/><\/div>\n\t\t<\/a>\n\t\t\t\t<div class=\"elementor-post__text\">\n\t\t\t\t<h3 class=\"elementor-post__title\">\n\t\t\t<a href=\"https:\/\/solodeportehbec.com\/?p=79\" >\n\t\t\t\tLA TRI A UN PUNTO DE OCTAVOS DE FINAL\t\t\t<\/a>\n\t\t<\/h3>\n\t\t\t\t<div class=\"elementor-post__meta-data\">\n\t\t\t\t\t<span class=\"elementor-post-date\">\n\t\t\tnoviembre 27, 2022\t\t<\/span>\n\t\t\t\t<span class=\"elementor-post-avatar\">\n\t\t\tNo hay comentarios\t\t<\/span>\n\t\t\t\t<\/div>\n\t\t\t\t<div class=\"elementor-post__excerpt\">\n\t\t\t<p class=\"text-justify mb-2\" >Ecuador alcanz\u00f3 un empate en la segunda fecha de la fase de grupos, al enfrentar a Pa\u00edses Bajos, el viernes 25 de noviembre, del Mundial de Qatar. El Gol Tricolor fue obra de Enner Valencia, al pescar un rebote que dej\u00f3 el arquero Noppert, previamente<\/p>\n\t\t<\/div>\n\t\t\t\t\t<a class=\"elementor-post__read-more\" href=\"https:\/\/solodeportehbec.com\/?p=79\" >\n\t\t\t\tRead More \u00bb\t\t\t<\/a>\n\t\t\t\t<\/div>\n\t\t\t\t<\/article>\n\t\t\t\t<article class=\"elementor-post elementor-grid-item post-69 post type-post status-publish format-standard has-post-thumbnail hentry category-futbol\">\n\t\t\t\t<a class=\"elementor-post__thumbnail__link\" href=\"https:\/\/solodeportehbec.com\/?p=69\" >\n\t\t\t<div class=\"elementor-post__thumbnail\"><img loading=\"lazy\" width=\"300\" height=\"169\" src=\"https:\/\/solodeportehbec.com\/wp-content\/uploads\/2022\/11\/Germany-v-Spain-International-Friendly-ad5e66f885eece9a418006727941377d-300x169.jpg\" class=\"attachment-medium size-medium\" alt=\"\" decoding=\"async\" srcset=\"https:\/\/solodeportehbec.com\/wp-content\/uploads\/2022\/11\/Germany-v-Spain-International-Friendly-ad5e66f885eece9a418006727941377d-300x169.jpg 300w, https:\/\/solodeportehbec.com\/wp-content\/uploads\/2022\/11\/Germany-v-Spain-International-Friendly-ad5e66f885eece9a418006727941377d-1024x576.jpg 1024w, https:\/\/solodeportehbec.com\/wp-content\/uploads\/2022\/11\/Germany-v-Spain-International-Friendly-ad5e66f885eece9a418006727941377d-768x432.jpg 768w, https:\/\/solodeportehbec.com\/wp-content\/uploads\/2022\/11\/Germany-v-Spain-International-Friendly-ad5e66f885eece9a418006727941377d-1536x864.jpg 1536w, https:\/\/solodeportehbec.com\/wp-content\/uploads\/2022\/11\/Germany-v-Spain-International-Friendly-ad5e66f885eece9a418006727941377d-2048x1152.jpg 2048w\" sizes=\"(max-width: 300px) 100vw, 300px\" \/><\/div>\n\t\t<\/a>\n\t\t\t\t<div class=\"elementor-post__text\">\n\t\t\t\t<h3 class=\"elementor-post__title\">\n\t\t\t<a href=\"https:\/\/solodeportehbec.com\/?p=69\" >\n\t\t\t\tGRUPO F Y E AL ROJO VIVO\t\t\t<\/a>\n\t\t<\/h3>\n\t\t\t\t<div class=\"elementor-post__meta-data\">\n\t\t\t\t\t<span class=\"elementor-post-date\">\n\t\t\tnoviembre 27, 2022\t\t<\/span>\n\t\t\t\t<span class=\"elementor-post-avatar\">\n\t\t\tNo hay comentarios\t\t<\/span>\n\t\t\t\t<\/div>\n\t\t\t\t<div class=\"elementor-post__excerpt\">\n\t\t\t<p class=\"text-justify mb-2\" >Este domingo 27 de noviembre se dieron 4 partidos en la fase de grupos, 2 del grupo F y 2 del grupos E, dejando las tablas de posiciones muy apretadas y no se clarifica los pa\u00edses clasificados a octavos de final, instancia en la que<\/p>\n\t\t<\/div>\n\t\t\t\t\t<a class=\"elementor-post__read-more\" href=\"https:\/\/solodeportehbec.com\/?p=69\" >\n\t\t\t\tRead More \u00bb\t\t\t<\/a>\n\t\t\t\t<\/div>\n\t\t\t\t<\/article>\n\t\t\t\t<\/div>\n\t\t\t\t<\/div>\n\t\t\t\t<\/div>\n\t\t\t\t\t<\/div>\n\t\t<\/div>\n\t\t\t\t\t\t\t<\/div>\n\t\t<\/section>\n\t\t\t\t\t\t<\/div>\n\t\t\t\t\t<\/div>\n\t\t","protected":false},"excerpt":{"rendered":"","protected":false},"author":1,"featured_media":0,"parent":0,"menu_order":0,"comment_status":"closed","ping_status":"closed","template":"","meta":{"om_disable_all_campaigns":false,"_mi_skip_tracking":false},"aioseo_notices":[],"_links":{"self":[{"href":"https:\/\/solodeportehbec.com\/index.php?rest_route=\/wp\/v2\/pages\/12"}],"collection":[{"href":"https:\/\/solodeportehbec.com\/index.php?rest_route=\/wp\/v2\/pages"}],"about":[{"href":"https:\/\/solodeportehbec.com\/index.php?rest_route=\/wp\/v2\/types\/page"}],"author":[{"embeddable":true,"href":"https:\/\/solodeportehbec.com\/index.php?rest_route=\/wp\/v2\/users\/1"}],"replies":[{"embeddable":true,"href":"https:\/\/solodeportehbec.com\/index.php?rest_route=%2Fwp%2Fv2%2Fcomments&post=12"}],"version-history":[{"count":4,"href":"https:\/\/solodeportehbec.com\/index.php?rest_route=\/wp\/v2\/pages\/12\/revisions"}],"predecessor-version":[{"id":67,"href":"https:\/\/solodeportehbec.com\/index.php?rest_route=\/wp\/v2\/pages\/12\/revisions\/67"}],"wp:attachment":[{"href":"https:\/\/solodeportehbec.com\/index.php?rest_route=%2Fwp%2Fv2%2Fmedia&parent=12"}],"curies":[{"name":"wp","href":"https:\/\/api.w.org\/{rel}","templated":true}]}}