{"id":16,"date":"2022-11-27T21:19:04","date_gmt":"2022-11-28T02:19:04","guid":{"rendered":"https:\/\/solodeportehbec.com\/?page_id=16"},"modified":"2022-11-27T22:21:25","modified_gmt":"2022-11-28T03:21:25","slug":"futbol","status":"publish","type":"page","link":"https:\/\/solodeportehbec.com\/?page_id=16","title":{"rendered":"F\u00fatbol"},"content":{"rendered":"\t\t<div data-elementor-type=\"wp-page\" data-elementor-id=\"16\" class=\"elementor elementor-16\" data-elementor-settings=\"[]\">\n\t\t\t\t\t\t\t<div class=\"elementor-section-wrap\">\n\t\t\t\t\t\t\t<section class=\"elementor-section elementor-top-section elementor-element elementor-element-439925b elementor-section-boxed elementor-section-height-default elementor-section-height-default\" data-id=\"439925b\" data-element_type=\"section\">\n\t\t\t\t\t\t<div class=\"elementor-container elementor-column-gap-default\">\n\t\t\t\t\t<div class=\"elementor-column elementor-col-100 elementor-top-column elementor-element elementor-element-cc0b49f\" data-id=\"cc0b49f\" data-element_type=\"column\">\n\t\t\t<div class=\"elementor-widget-wrap elementor-element-populated\">\n\t\t\t\t\t\t\t\t<div class=\"elementor-element elementor-element-c4210e9 elementor-grid-3 elementor-grid-tablet-2 elementor-grid-mobile-1 elementor-posts--thumbnail-top elementor-widget elementor-widget-posts\" data-id=\"c4210e9\" data-element_type=\"widget\" data-settings=\"{&quot;classic_columns&quot;:&quot;3&quot;,&quot;classic_columns_tablet&quot;:&quot;2&quot;,&quot;classic_columns_mobile&quot;:&quot;1&quot;,&quot;classic_row_gap&quot;:{&quot;unit&quot;:&quot;px&quot;,&quot;size&quot;:35,&quot;sizes&quot;:[]}}\" data-widget_type=\"posts.classic\">\n\t\t\t\t<div class=\"elementor-widget-container\">\n\t\t\t\t\t<div class=\"elementor-posts-container elementor-posts elementor-posts--skin-classic elementor-grid\">\n\t\t\t\t<article class=\"elementor-post elementor-grid-item post-86 post type-post status-publish format-standard has-post-thumbnail hentry category-deporte-imbabureno category-futbol\">\n\t\t\t\t<a class=\"elementor-post__thumbnail__link\" href=\"https:\/\/solodeportehbec.com\/?p=86\" >\n\t\t\t<div class=\"elementor-post__thumbnail\"><img loading=\"lazy\" width=\"300\" height=\"200\" src=\"https:\/\/solodeportehbec.com\/wp-content\/uploads\/2022\/11\/IMG_0016-300x200.jpg\" class=\"attachment-medium size-medium\" alt=\"\" decoding=\"async\" srcset=\"https:\/\/solodeportehbec.com\/wp-content\/uploads\/2022\/11\/IMG_0016-300x200.jpg 300w, https:\/\/solodeportehbec.com\/wp-content\/uploads\/2022\/11\/IMG_0016-1024x683.jpg 1024w, https:\/\/solodeportehbec.com\/wp-content\/uploads\/2022\/11\/IMG_0016-768x512.jpg 768w, https:\/\/solodeportehbec.com\/wp-content\/uploads\/2022\/11\/IMG_0016-1536x1024.jpg 1536w, https:\/\/solodeportehbec.com\/wp-content\/uploads\/2022\/11\/IMG_0016-2048x1365.jpg 2048w\" sizes=\"(max-width: 300px) 100vw, 300px\" \/><\/div>\n\t\t<\/a>\n\t\t\t\t<div class=\"elementor-post__text\">\n\t\t\t\t<h3 class=\"elementor-post__title\">\n\t\t\t<a href=\"https:\/\/solodeportehbec.com\/?p=86\" >\n\t\t\t\tOTAVALO SE CORON\u00d3 CAMPE\u00d3N DEL F\u00daTBOL DE INTERCANTONALES ANTONIO ANTE 2022\t\t\t<\/a>\n\t\t<\/h3>\n\t\t\t\t<div class=\"elementor-post__meta-data\">\n\t\t\t\t\t<span class=\"elementor-post-date\">\n\t\t\tnoviembre 27, 2022\t\t<\/span>\n\t\t\t\t<span class=\"elementor-post-avatar\">\n\t\t\tNo hay comentarios\t\t<\/span>\n\t\t\t\t<\/div>\n\t\t\t\t<div class=\"elementor-post__excerpt\">\n\t\t\t<p class=\"text-justify mb-2\" >Con una victoria contundente de 4-1 sobre Ibarra, la Selecci\u00f3n de Otavalo se adjudic\u00f3 el T\u00edtulo del f\u00fatbol en los Juegos Intercantonales \u00abAntonio Ante 2022\u00bb, en partido jugado la tarde del s\u00e1bado 26 de noviembre, en el estadio Jaime Ter\u00e1n Jaramillo de Atuntaqui. Entre las<\/p>\n\t\t<\/div>\n\t\t\t\t\t<a class=\"elementor-post__read-more\" href=\"https:\/\/solodeportehbec.com\/?p=86\" >\n\t\t\t\tRead More \u00bb\t\t\t<\/a>\n\t\t\t\t<\/div>\n\t\t\t\t<\/article>\n\t\t\t\t<\/div>\n\t\t\t\t<\/div>\n\t\t\t\t<\/div>\n\t\t\t\t\t<\/div>\n\t\t<\/div>\n\t\t\t\t\t\t\t<\/div>\n\t\t<\/section>\n\t\t\t\t\t\t<\/div>\n\t\t\t\t\t<\/div>\n\t\t","protected":false},"excerpt":{"rendered":"","protected":false},"author":1,"featured_media":0,"parent":0,"menu_order":0,"comment_status":"closed","ping_status":"closed","template":"","meta":{"om_disable_all_campaigns":false,"_mi_skip_tracking":false},"aioseo_notices":[],"_links":{"self":[{"href":"https:\/\/solodeportehbec.com\/index.php?rest_route=\/wp\/v2\/pages\/16"}],"collection":[{"href":"https:\/\/solodeportehbec.com\/index.php?rest_route=\/wp\/v2\/pages"}],"about":[{"href":"https:\/\/solodeportehbec.com\/index.php?rest_route=\/wp\/v2\/types\/page"}],"author":[{"embeddable":true,"href":"https:\/\/solodeportehbec.com\/index.php?rest_route=\/wp\/v2\/users\/1"}],"replies":[{"embeddable":true,"href":"https:\/\/solodeportehbec.com\/index.php?rest_route=%2Fwp%2Fv2%2Fcomments&post=16"}],"version-history":[{"count":4,"href":"https:\/\/solodeportehbec.com\/index.php?rest_route=\/wp\/v2\/pages\/16\/revisions"}],"predecessor-version":[{"id":94,"href":"https:\/\/solodeportehbec.com\/index.php?rest_route=\/wp\/v2\/pages\/16\/revisions\/94"}],"wp:attachment":[{"href":"https:\/\/solodeportehbec.com\/index.php?rest_route=%2Fwp%2Fv2%2Fmedia&parent=16"}],"curies":[{"name":"wp","href":"https:\/\/api.w.org\/{rel}","templated":true}]}}