{"id":18,"date":"2022-11-27T21:19:49","date_gmt":"2022-11-28T02:19:49","guid":{"rendered":"https:\/\/solodeportehbec.com\/?page_id=18"},"modified":"2022-11-27T22:27:07","modified_gmt":"2022-11-28T03:27:07","slug":"ciclismo","status":"publish","type":"page","link":"https:\/\/solodeportehbec.com\/?page_id=18","title":{"rendered":"Ciclismo"},"content":{"rendered":"\t\t<div data-elementor-type=\"wp-page\" data-elementor-id=\"18\" class=\"elementor elementor-18\" data-elementor-settings=\"[]\">\n\t\t\t\t\t\t\t<div class=\"elementor-section-wrap\">\n\t\t\t\t\t\t\t<section class=\"elementor-section elementor-top-section elementor-element elementor-element-333f0a8 elementor-section-boxed elementor-section-height-default elementor-section-height-default\" data-id=\"333f0a8\" data-element_type=\"section\">\n\t\t\t\t\t\t<div class=\"elementor-container elementor-column-gap-default\">\n\t\t\t\t\t<div class=\"elementor-column elementor-col-100 elementor-top-column elementor-element elementor-element-95f4e8b\" data-id=\"95f4e8b\" data-element_type=\"column\">\n\t\t\t<div class=\"elementor-widget-wrap elementor-element-populated\">\n\t\t\t\t\t\t\t\t<div class=\"elementor-element elementor-element-f39534a elementor-grid-3 elementor-grid-tablet-2 elementor-grid-mobile-1 elementor-posts--thumbnail-top elementor-widget elementor-widget-posts\" data-id=\"f39534a\" data-element_type=\"widget\" data-settings=\"{&quot;classic_columns&quot;:&quot;3&quot;,&quot;classic_columns_tablet&quot;:&quot;2&quot;,&quot;classic_columns_mobile&quot;:&quot;1&quot;,&quot;classic_row_gap&quot;:{&quot;unit&quot;:&quot;px&quot;,&quot;size&quot;:35,&quot;sizes&quot;:[]}}\" data-widget_type=\"posts.classic\">\n\t\t\t\t<div class=\"elementor-widget-container\">\n\t\t\t\t\t<div class=\"elementor-posts-container elementor-posts elementor-posts--skin-classic elementor-grid\">\n\t\t\t\t<article class=\"elementor-post elementor-grid-item post-95 post type-post status-publish format-standard has-post-thumbnail hentry category-ciclismo category-deporte-imbabureno\">\n\t\t\t\t<a class=\"elementor-post__thumbnail__link\" href=\"https:\/\/solodeportehbec.com\/?p=95\" >\n\t\t\t<div class=\"elementor-post__thumbnail\"><img loading=\"lazy\" width=\"225\" height=\"300\" src=\"https:\/\/solodeportehbec.com\/wp-content\/uploads\/2022\/11\/975eb10c-df54-4ac5-8805-6e4c5ee42bdf-225x300.jpg\" class=\"attachment-medium size-medium\" alt=\"\" decoding=\"async\" srcset=\"https:\/\/solodeportehbec.com\/wp-content\/uploads\/2022\/11\/975eb10c-df54-4ac5-8805-6e4c5ee42bdf-225x300.jpg 225w, https:\/\/solodeportehbec.com\/wp-content\/uploads\/2022\/11\/975eb10c-df54-4ac5-8805-6e4c5ee42bdf-768x1024.jpg 768w, https:\/\/solodeportehbec.com\/wp-content\/uploads\/2022\/11\/975eb10c-df54-4ac5-8805-6e4c5ee42bdf.jpg 960w\" sizes=\"(max-width: 225px) 100vw, 225px\" \/><\/div>\n\t\t<\/a>\n\t\t\t\t<div class=\"elementor-post__text\">\n\t\t\t\t<h3 class=\"elementor-post__title\">\n\t\t\t<a href=\"https:\/\/solodeportehbec.com\/?p=95\" >\n\t\t\t\tCICLISTA IMBABURE\u00d1A DE ORO PURO EN LA PRIMERA VUELTA CICL\u00cdSTICA FEMENINA AL ECUADOR\t\t\t<\/a>\n\t\t<\/h3>\n\t\t\t\t<div class=\"elementor-post__meta-data\">\n\t\t\t\t\t<span class=\"elementor-post-date\">\n\t\t\tnoviembre 27, 2022\t\t<\/span>\n\t\t\t\t<span class=\"elementor-post-avatar\">\n\t\t\tNo hay comentarios\t\t<\/span>\n\t\t\t\t<\/div>\n\t\t\t\t<div class=\"elementor-post__excerpt\">\n\t\t\t<p class=\"text-justify mb-2\" >Natalie Ver\u00f3nica Revelo Bossano de 16 a\u00f1os se adjudic\u00f3 el triunfo de la Vuelta Cicl\u00edstica a la Rep\u00fablica del Ecuador, de la categor\u00eda prejuvenil, realizada entre el 15 y 18 de noviembre, del presente a\u00f1o. La pedalista hija del hist\u00f3rico Carlos Revelo (Champion), logr\u00f3 cruzar<\/p>\n\t\t<\/div>\n\t\t\t\t\t<a class=\"elementor-post__read-more\" href=\"https:\/\/solodeportehbec.com\/?p=95\" >\n\t\t\t\tRead More \u00bb\t\t\t<\/a>\n\t\t\t\t<\/div>\n\t\t\t\t<\/article>\n\t\t\t\t<\/div>\n\t\t\t\t<\/div>\n\t\t\t\t<\/div>\n\t\t\t\t\t<\/div>\n\t\t<\/div>\n\t\t\t\t\t\t\t<\/div>\n\t\t<\/section>\n\t\t\t\t\t\t<\/div>\n\t\t\t\t\t<\/div>\n\t\t","protected":false},"excerpt":{"rendered":"","protected":false},"author":1,"featured_media":0,"parent":0,"menu_order":0,"comment_status":"closed","ping_status":"closed","template":"","meta":{"om_disable_all_campaigns":false,"_mi_skip_tracking":false},"aioseo_notices":[],"_links":{"self":[{"href":"https:\/\/solodeportehbec.com\/index.php?rest_route=\/wp\/v2\/pages\/18"}],"collection":[{"href":"https:\/\/solodeportehbec.com\/index.php?rest_route=\/wp\/v2\/pages"}],"about":[{"href":"https:\/\/solodeportehbec.com\/index.php?rest_route=\/wp\/v2\/types\/page"}],"author":[{"embeddable":true,"href":"https:\/\/solodeportehbec.com\/index.php?rest_route=\/wp\/v2\/users\/1"}],"replies":[{"embeddable":true,"href":"https:\/\/solodeportehbec.com\/index.php?rest_route=%2Fwp%2Fv2%2Fcomments&post=18"}],"version-history":[{"count":4,"href":"https:\/\/solodeportehbec.com\/index.php?rest_route=\/wp\/v2\/pages\/18\/revisions"}],"predecessor-version":[{"id":101,"href":"https:\/\/solodeportehbec.com\/index.php?rest_route=\/wp\/v2\/pages\/18\/revisions\/101"}],"wp:attachment":[{"href":"https:\/\/solodeportehbec.com\/index.php?rest_route=%2Fwp%2Fv2%2Fmedia&parent=18"}],"curies":[{"name":"wp","href":"https:\/\/api.w.org\/{rel}","templated":true}]}}